{"id":20636,"date":"2026-02-22T14:46:50","date_gmt":"2026-02-22T14:46:50","guid":{"rendered":"https:\/\/mybrand.ee\/?page_id=20636"},"modified":"2026-03-29T13:19:17","modified_gmt":"2026-03-29T13:19:17","slug":"meist-leht","status":"publish","type":"page","link":"https:\/\/mybrand.ee\/en\/meist-leht\/","title":{"rendered":"About us page"},"content":{"rendered":"<div data-elementor-type=\"wp-page\" data-elementor-id=\"20636\" class=\"elementor elementor-20636\">\n\t\t\t\t\t\t<section class=\"elementor-section elementor-top-section elementor-element elementor-element-d21a6e6 elementor-section-boxed elementor-section-height-default elementor-section-height-default sc_fly_static\" data-id=\"d21a6e6\" data-element_type=\"section\" data-e-type=\"section\">\n\t\t\t\t\t\t<div class=\"elementor-container elementor-column-gap-extended\">\n\t\t\t\t\t<div class=\"elementor-column elementor-col-100 elementor-top-column elementor-element elementor-element-8d13d4d sc_content_align_inherit sc_layouts_column_icons_position_left sc_fly_static\" data-id=\"8d13d4d\" data-element_type=\"column\" data-e-type=\"column\">\n\t\t\t<div class=\"elementor-widget-wrap elementor-element-populated\">\n\t\t\t\t\t\t<div class=\"elementor-element elementor-element-d33e81d elementor-arrows-position-inside elementor-pagination-position-outside sc_fly_static elementor-widget elementor-widget-image-carousel\" data-id=\"d33e81d\" data-element_type=\"widget\" data-e-type=\"widget\" data-settings=\"{&quot;navigation&quot;:&quot;both&quot;,&quot;autoplay&quot;:&quot;yes&quot;,&quot;pause_on_hover&quot;:&quot;yes&quot;,&quot;pause_on_interaction&quot;:&quot;yes&quot;,&quot;autoplay_speed&quot;:5000,&quot;infinite&quot;:&quot;yes&quot;,&quot;speed&quot;:500}\" data-widget_type=\"image-carousel.default\">\n\t\t\t\t<div class=\"elementor-widget-container\">\n\t\t\t\t\t\t\t<div class=\"elementor-image-carousel-wrapper swiper\" role=\"region\" aria-roledescription=\"carousel\" aria-label=\"Image Carousel\" dir=\"ltr\">\n\t\t\t<div class=\"elementor-image-carousel swiper-wrapper\" aria-live=\"off\">\n\t\t\t\t\t\t\t\t<div class=\"swiper-slide\" role=\"group\" aria-roledescription=\"slide\" aria-label=\"1 of 3\"><figure class=\"swiper-slide-inner\"><img decoding=\"async\" class=\"swiper-slide-image\" src=\"https:\/\/mybrand.ee\/wp-content\/uploads\/2026\/03\/DSC_3860-1024x682.jpg\" alt=\"DSC_3860\" \/><\/figure><\/div><div class=\"swiper-slide\" role=\"group\" aria-roledescription=\"slide\" aria-label=\"2 of 3\"><figure class=\"swiper-slide-inner\"><img decoding=\"async\" class=\"swiper-slide-image\" src=\"https:\/\/mybrand.ee\/wp-content\/uploads\/2026\/03\/DSC02847-\u0440\u0435\u0434\u0430\u043a\u0442-1024x683.jpg\" alt=\"DSC02847-\u0440\u0435\u0434\u0430\u043a\u0442\" \/><\/figure><\/div><div class=\"swiper-slide\" role=\"group\" aria-roledescription=\"slide\" aria-label=\"3 of 3\"><figure class=\"swiper-slide-inner\"><img decoding=\"async\" class=\"swiper-slide-image\" src=\"https:\/\/mybrand.ee\/wp-content\/uploads\/2026\/03\/DSC06707-1024x683.jpg\" alt=\"DSC06707\" \/><\/figure><\/div>\t\t\t<\/div>\n\t\t\t\t\t\t\t\t\t\t\t\t<div class=\"elementor-swiper-button elementor-swiper-button-prev\" role=\"button\" tabindex=\"0\">\n\t\t\t\t\t\t<i aria-hidden=\"true\" class=\"eicon-chevron-left\"><\/i>\t\t\t\t\t<\/div>\n\t\t\t\t\t<div class=\"elementor-swiper-button elementor-swiper-button-next\" role=\"button\" tabindex=\"0\">\n\t\t\t\t\t\t<i aria-hidden=\"true\" class=\"eicon-chevron-right\"><\/i>\t\t\t\t\t<\/div>\n\t\t\t\t\n\t\t\t\t\t\t\t\t\t<div class=\"swiper-pagination\"><\/div>\n\t\t\t\t\t\t\t\t\t<\/div>\n\t\t\t\t\t\t<\/div>\n\t\t\t\t<\/div>\n\t\t\t\t<div class=\"elementor-element elementor-element-db98ff4 sc_fly_static elementor-widget elementor-widget-text-editor\" data-id=\"db98ff4\" data-element_type=\"widget\" data-e-type=\"widget\" data-widget_type=\"text-editor.default\">\n\t\t\t\t<div class=\"elementor-widget-container\">\n\t\t\t\t\t\t\t\t\t<h5><span style=\"font-size: 17px; font-weight: 400; color: #5b6a76; letter-spacing: 0.1px;\">It all began <\/span><b style=\"font-family: inherit; font-size: 17px; font-style: inherit; color: #5b6a76; letter-spacing: 0.1px;\">with Dolly<\/b><span style=\"font-size: 17px; font-weight: 400; color: #5b6a76; letter-spacing: 0.1px;\">.<\/span><\/h5><p><span style=\"font-weight: 400;\">My journey into the world of Labrador Retrievers began in 1998, when our first Labrador Retriever, Dolly, came to our family. At that time, there were only about 50 Labradors in Estonia and there was little information available about the breed. It was this ignorance and joy of discovery that laid the foundation for a deep interest in dogs, their abilities, and their cooperation with humans.<\/span><\/p><p><span style=\"font-weight: 400;\">I was fascinated by Labrador Retrievers. <\/span><b>versatility<\/b><span style=\"font-weight: 400;\"> \u2013 their ability to learn, their willingness to cooperate, and their ability to fulfill a wide variety of roles while being a great family dog.\u00a0<\/span><\/p>\t\t\t\t\t\t\t\t<\/div>\n\t\t\t\t<\/div>\n\t\t\t\t\t<\/div>\n\t\t<\/div>\n\t\t\t\t\t<\/div>\n\t\t<\/section>\n\t\t\t\t<section class=\"elementor-section elementor-top-section elementor-element elementor-element-b98bfa4 elementor-section-boxed elementor-section-height-default elementor-section-height-default sc_fly_static\" data-id=\"b98bfa4\" data-element_type=\"section\" data-e-type=\"section\">\n\t\t\t\t\t\t<div class=\"elementor-container elementor-column-gap-extended\">\n\t\t\t\t\t<div class=\"elementor-column elementor-col-100 elementor-top-column elementor-element elementor-element-62e7308 sc_content_align_inherit sc_layouts_column_icons_position_left sc_fly_static\" data-id=\"62e7308\" data-element_type=\"column\" data-e-type=\"column\">\n\t\t\t<div class=\"elementor-widget-wrap elementor-element-populated\">\n\t\t\t\t\t\t<div class=\"elementor-element elementor-element-d0747cc sc_fly_static elementor-widget elementor-widget-text-editor\" data-id=\"d0747cc\" data-element_type=\"widget\" data-e-type=\"widget\" data-widget_type=\"text-editor.default\">\n\t\t\t\t<div class=\"elementor-widget-container\">\n\t\t\t\t\t\t\t\t\t<p>I quickly immersed myself in the world of dog sports and activities: obedience, agility, flyball, retriever trials, water rescue, and shows became a natural part of our daily lives.<\/p><p><span style=\"font-weight: 400;\">An important role in my development was my active participation in the Estonian retriever community. Working in the Estonian Retriever Breed Association, both in the breeding committee, as a puppy broker and also on various boards, brought me together with hundreds of dogs and their people. I had a great opportunity to see different types of Labradors, including several working dogs who contributed to customs, police, medicine, and as assistance and therapy dogs. Hobby experiences confirmed the understanding that <\/span><b>the dog needs meaningful activity<\/b><span style=\"font-weight: 400;\">, purposeful exercise and mental work \u2013 and this is where his joy and balance are born.<\/span><\/p><p><span style=\"font-weight: 400;\">Dolly herself was an outstanding example of Labrador's ability. She became C.I.B EST W\u201902 EST, LV, LTU, BALT, BLR and RUS champion and on September 8, 2002 she was <\/span><b>the first Estonian Labrador<\/b><span style=\"font-weight: 400;\">, who passed the retriever breed test in Finland. At the same time, he went hunting, ran agility and flyball trails, we dipped our paws in the water both in water rescue and as a therapy dog \u200b\u200bat a time when therapy dogs had not yet started in Estonia.\u00a0<\/span><\/p><h3><b>Breeder and breeder<\/b><\/h3><p><span style=\"font-weight: 400;\">In 2001, I was awarded the Estonian Kennel Club (FCI) breeder status and kennel name. <\/span><b>My Brand<\/b><span style=\"font-weight: 400;\">Since then, breeding work has been conscious, long-term and responsible \u2013 focusing on health, character, working qualities and breed functionality.<\/span><\/p><p><span style=\"font-weight: 400;\">To date, my journey has included nearly <\/span><b>100 personal dogs<\/b><span style=\"font-weight: 400;\"> and over <\/span><b>500 nurseries<\/b><span style=\"font-weight: 400;\">. Labrador retrievers and Lagotto Romagnolos live at home. In breeding, I follow the principle that a good dog is not born by chance - it is the result of knowledge, experience and constant self-improvement.<\/span><\/p><h3><b>Trainer<\/b><\/h3><p><span style=\"font-weight: 400;\">I have been working as a trainer in parallel with breeding for decades. I have completed the Estonian Kennel Club's basic trainer course with theory and practice exams and have consistently participated in international training courses, seminars and webinars. My interests lie in dog learning, mental states, motivation, the relationship between breeding and training, and developing cooperation between dog and handler.<\/span><\/p><p><span style=\"font-weight: 400;\">My training philosophy is based on the understanding that <\/span><b>The dog's emotional state, motivation and confidence determine the quality of learning<\/b><span style=\"font-weight: 400;\">This is especially important in the training of retrievers for working and working trials.<\/span><\/p><h3><b>Judge<\/b><\/h3><p><span style=\"font-weight: 400;\">Since 2023 I have been <\/span><b>Retriever breed test judge<\/b><span style=\"font-weight: 400;\">, olles l\u00e4binud vastava koolituse ning sooritanud vajalikud eksamid. Kohtunikuna v\u00e4\u00e4rtustan funktsionaalsust, t\u00f5ule omast t\u00f6\u00f6tahet ja tasakaalu koera vaimse ning f\u00fc\u00fcsilise v\u00f5imekuse vahel. Edaspidine eesm\u00e4rk on laienemine ka retriiverite t\u00f6\u00f6katsete ja tasemekatse kohtunikut\u00f6\u00f6le.<\/span><\/p>\t\t\t\t\t\t\t\t<\/div>\n\t\t\t\t<\/div>\n\t\t\t\t\t<\/div>\n\t\t<\/div>\n\t\t\t\t\t<\/div>\n\t\t<\/section>\n\t\t\t\t<section class=\"elementor-section elementor-top-section elementor-element elementor-element-a7819ee elementor-section-boxed elementor-section-height-default elementor-section-height-default sc_fly_static\" data-id=\"a7819ee\" data-element_type=\"section\" data-e-type=\"section\">\n\t\t\t\t\t\t<div class=\"elementor-container elementor-column-gap-extended\">\n\t\t\t\t\t<div class=\"elementor-column elementor-col-100 elementor-top-column elementor-element elementor-element-7de3c77 sc_content_align_inherit sc_layouts_column_icons_position_left sc_fly_static\" data-id=\"7de3c77\" data-element_type=\"column\" data-e-type=\"column\">\n\t\t\t<div class=\"elementor-widget-wrap elementor-element-populated\">\n\t\t\t\t\t\t<div class=\"elementor-element elementor-element-9193b2a elementor-widget-divider--view-line sc_fly_static elementor-widget elementor-widget-divider\" data-id=\"9193b2a\" data-element_type=\"widget\" data-e-type=\"widget\" data-widget_type=\"divider.default\">\n\t\t\t\t<div class=\"elementor-widget-container\">\n\t\t\t\t\t\t\t<div class=\"elementor-divider\">\n\t\t\t<span class=\"elementor-divider-separator\">\n\t\t\t\t\t\t<\/span>\n\t\t<\/div>\n\t\t\t\t\t\t<\/div>\n\t\t\t\t<\/div>\n\t\t\t\t\t<\/div>\n\t\t<\/div>\n\t\t\t\t\t<\/div>\n\t\t<\/section>\n\t\t\t\t<section class=\"elementor-section elementor-top-section elementor-element elementor-element-c796eb7 elementor-section-boxed elementor-section-height-default elementor-section-height-default sc_fly_static\" data-id=\"c796eb7\" data-element_type=\"section\" data-e-type=\"section\">\n\t\t\t\t\t\t<div class=\"elementor-container elementor-column-gap-extended\">\n\t\t\t\t\t<div class=\"elementor-column elementor-col-100 elementor-top-column elementor-element elementor-element-04da67b sc_content_align_inherit sc_layouts_column_icons_position_left sc_fly_static\" data-id=\"04da67b\" data-element_type=\"column\" data-e-type=\"column\">\n\t\t\t<div class=\"elementor-widget-wrap elementor-element-populated\">\n\t\t\t\t\t\t<div class=\"elementor-element elementor-element-e6bc0b3 sc_fly_static elementor-widget elementor-widget-text-editor\" data-id=\"e6bc0b3\" data-element_type=\"widget\" data-e-type=\"widget\" data-widget_type=\"text-editor.default\">\n\t\t\t\t<div class=\"elementor-widget-container\">\n\t\t\t\t\t\t\t\t\t<p><strong><span style=\"font-size: 17px;\">Read more:<\/span><\/strong><\/p><ul><li style=\"font-family: Nunito, sans-serif; font-size: 17px; line-height: inherit; font-weight: 400; font-style: normal; letter-spacing: 0.1px;\"><a href=\"https:\/\/mybrand.ee\/en\/7-pohjust-miks-ma-armusin-labradori-retriiverisse\/\">7 Reasons Why I Fell in Love with Labrador Retrievers<\/a><\/li><\/ul>\t\t\t\t\t\t\t\t<\/div>\n\t\t\t\t<\/div>\n\t\t\t\t\t<\/div>\n\t\t<\/div>\n\t\t\t\t\t<\/div>\n\t\t<\/section>\n\t\t\t\t<\/div>","protected":false},"excerpt":{"rendered":"<p>K\u00f5ik algas Dollyst. Minu teekond labradori retriiverite maailmas algas 1998. aastal, kui meie perre tuli esimene labradori retriiver Dolly. Tollal oli Eestis vaid ligikaudu 50 labradori ning t\u00f5u kohta k\u00e4ttesaadav&hellip;<\/p>","protected":false},"author":1,"featured_media":23041,"parent":0,"menu_order":0,"comment_status":"closed","ping_status":"closed","template":"","meta":{"footnotes":""},"class_list":["post-20636","page","type-page","status-publish","has-post-thumbnail","hentry"],"_links":{"self":[{"href":"https:\/\/mybrand.ee\/en\/wp-json\/wp\/v2\/pages\/20636","targetHints":{"allow":["GET"]}}],"collection":[{"href":"https:\/\/mybrand.ee\/en\/wp-json\/wp\/v2\/pages"}],"about":[{"href":"https:\/\/mybrand.ee\/en\/wp-json\/wp\/v2\/types\/page"}],"author":[{"embeddable":true,"href":"https:\/\/mybrand.ee\/en\/wp-json\/wp\/v2\/users\/1"}],"replies":[{"embeddable":true,"href":"https:\/\/mybrand.ee\/en\/wp-json\/wp\/v2\/comments?post=20636"}],"version-history":[{"count":5,"href":"https:\/\/mybrand.ee\/en\/wp-json\/wp\/v2\/pages\/20636\/revisions"}],"predecessor-version":[{"id":23268,"href":"https:\/\/mybrand.ee\/en\/wp-json\/wp\/v2\/pages\/20636\/revisions\/23268"}],"wp:featuredmedia":[{"embeddable":true,"href":"https:\/\/mybrand.ee\/en\/wp-json\/wp\/v2\/media\/23041"}],"wp:attachment":[{"href":"https:\/\/mybrand.ee\/en\/wp-json\/wp\/v2\/media?parent=20636"}],"curies":[{"name":"wp","href":"https:\/\/api.w.org\/{rel}","templated":true}]}}